{"id":7233,"date":"2022-09-12T13:28:18","date_gmt":"2022-09-12T11:28:18","guid":{"rendered":"https:\/\/nrjnuts.com\/?page_id=7233"},"modified":"2022-11-18T02:09:33","modified_gmt":"2022-11-18T01:09:33","slug":"agb","status":"publish","type":"page","link":"https:\/\/nrjnuts.com\/en\/agb\/","title":{"rendered":"General Terms and Conditions"},"content":{"rendered":"<section class=\"l-section wpb_row height_custom color_alternate with_img\"><div class=\"l-section-img\" style=\"background-image: url(https:\/\/nrjnuts.com\/wp-content\/uploads\/2022\/09\/slider1-nrjnuts.jpeg);\" data-img-width=\"1800\" data-img-height=\"1198\"><\/div><div class=\"l-section-overlay\" style=\"background:rgba(34,35,41,0.8)\"><\/div><div class=\"l-section-h i-cf\"><div class=\"g-cols vc_row via_grid cols_1 laptops-cols_inherit tablets-cols_inherit mobiles-cols_1 valign_top type_default stacking_default\"><div class=\"wpb_column vc_column_container\"><div class=\"vc_column-inner\"><h1 class=\"w-post-elm post_title align_center entry-title color_link_inherit\">General Terms and Conditions<\/h1><\/div><\/div><\/div><\/div><\/section><section class=\"l-section wpb_row height_custom\"><div class=\"l-section-h i-cf\"><div class=\"g-cols vc_row via_grid cols_1 laptops-cols_inherit tablets-cols_inherit mobiles-cols_1 valign_top type_default stacking_default\"><div class=\"wpb_column vc_column_container\"><div class=\"vc_column-inner\"><div class=\"wpb_text_column\"><div class=\"wpb_wrapper\"><h3>Allgemeine Lieferungs \u2013 und Verkaufsbedingungen<\/h3>\n<h3>\u00a7 1 Allgemeines \u2013 Geltungsbereich<\/h3>\n<p>1. Unsere Lieferbedingungen gelten ausschlie\u00dflich. Entgegenstehende oder abweichende Bedingungen des Bestellers erkennen wir nicht an, es sei denn, wir haben ausdr\u00fccklich schriftlich ihrer Geltung zugestimmt.<br \/>\n2. Alle Vereinbarungen, die zwischen uns und dem Besteller zwecks Ausf\u00fchrung dieses Vertrages getroffen werden, sind in diesem Vertrag schriftlich niederzulegen. \u00c4nderungen und Erg\u00e4nzungen des Vertrages bed\u00fcrfen der Schriftform. Andere Vereinbarungen, insbesondere Garantien, \u00c4nderungen und Nebenabreden sind nur dann wirksam, wenn wir uns ausdr\u00fccklich und schriftlich damit einverstanden erkl\u00e4ren.<br \/>\n3. Unsere Lieferbedingungen gelten ausschlie\u00dflich im Gesch\u00e4ftsverkehr mit Unternehmen im Sinne des \u00a7 14 BGB, juristischen Personen des \u00f6ffentlichen Rechts oder einem \u00f6ffentlich-rechtlichen Sonderverm\u00f6gen.<br \/>\n4. Unsere Lieferbedingungen gelten auch f\u00fcr alle k\u00fcnftigen Gesch\u00e4fte mit dem Besteller aus laufender Gesch\u00e4ftsbeziehung. Die Lieferbedingungen werden vom Besteller mit Auftragserteilung, sp\u00e4testens aber mit Entgegennahme der ersten Lieferung anerkannt und gelten f\u00fcr die gesamte Dauer der Gesch\u00e4ftsverbindung.<\/p>\n<h3>\u00a7 2 Angebot \u2013 Angebotsunterlagen<\/h3>\n<p>1. Alle Angebote insbesondere solche in Katalogen, Verkaufsunterlagen oder im Internet sind &#8211; auch bez\u00fcglich der Preisangaben &#8211; freibleibend. Unsere Angaben und Beschreibungen in Katalogen, Verkaufsunterlagen oder im Internet sind bez\u00fcglich der Beschreibung der Beschaffenheit und Eigenschaften von Waren unverbindlich.<br \/>\n2. An Abbildungen, Zeichnungen , Kalkulationen oder sonstigen Unterlagen behalten wir uns Eigentums- und Urheberechte vor. Besonders bei Kalkulationen oder Unterlagen die als \u201evertraulich\u201c bezeichnet sind. Vor ihrer Weitergabe an Dritte bedarf es unser ausdr\u00fccklichen schriftlichen Zustimmung.<br \/>\n3. Der Vertrag kommt erst mit unserer schriftlichen Auftragsbest\u00e4tigung zustande; wird eine Auftragsbest\u00e4tigung nicht versandt, kommt der Vertrag in jedem Fall durch Lieferung mit dem Inhalt unserer Rechnung zustande.<\/p>\n<h3>\u00a7 3 Preise &#8211; Zahlungsbedingungen<\/h3>\n<p>1. Sofern sich aus der Auftragsbest\u00e4tigung nichts anderes ergibt, gelten unsere Preise ab Auslieferungsstelle ( ex works ).<br \/>\n2. S\u00e4mtliche Preise verstehen sich zuz\u00fcglich der gesetzlichen Umsatzsteuer (Mehrwertsteuer). Der Abzug von Skonto ist nicht zul\u00e4ssig.<br \/>\n3. Wenn nicht in unserer schriftlichen Auftragsbest\u00e4tigung oder sonstiger Weise schriftlich ein Zahlungsziel einger\u00e4umt ist, ist der Kaufpreis netto (spesenfrei) unmittelbar nach Erhalt der gelieferten Ware und der Rechnung zur Zahlung f\u00e4llig. Kommt der Besteller in Zahlungsverzug, so berechnen wir Verzugszinsen in H\u00f6he von 9 Prozentpunkte p.a. \u00fcber den jeweiligen Basiszinssatz der EZB. Die Geltendmachung eines dar\u00fcber hinaus gehenden Schadens behalten wir uns vor.<br \/>\n4. Aufrechnungsrechte stehen dem Besteller nur zu, wenn seine Gegenanspr\u00fcche rechtskr\u00e4ftig festgestellt, unbestritten oder von uns anerkannt sind. Die Aus\u00fcbung eines Zur\u00fcckbehaltungsrechts durch den Besteller ist nur berechtigt, wenn die gleichen Voraussetzungen bei den Gegenanspr\u00fcchen des Bestellers erf\u00fcllt sind und au\u00dferdem sein Gegenanspruch auf dem gleichen Vertragsverh\u00e4ltnis beruht. \u00a7 6 Nr. 5 dieser Bedingungen bleibt unber\u00fchrt.<br \/>\n5. Bei Zahlungsverzug sowie bei begr\u00fcndeter Besorgnis wesentlicher Verm\u00f6gensverschlechterung oder Zahlungsunf\u00e4higkeit des Bestellers d\u00fcrfen wir die Lieferung aussetzen oder nach unserer Wahl die sofortige Vorauszahlung aller &#8211; auch nicht f\u00e4lliger &#8211; Forderungen, einschlie\u00dflich gestundeter oder entsprechende Sicherheiten beanspruchen. Kommt der Besteller dem Verlangen nach Vorauszahlung oder Sicherheitsleistung nicht innerhalb einer angemessenen, von uns zu setzenden Frist nach, sind wir berechtigt, von allen Vertr\u00e4gen zur\u00fcckzutreten und Schadenersatz geltend zu machen.<\/p>\n<h3>\u00a7 4 Lieferzeit<\/h3>\n<p>1. Sofern wir Lieferfristen und -termine nennen, gelten diese nur ann\u00e4hernd, es sei denn, die Fristen sind im Vertrag ausdr\u00fccklich als verbindlich gekennzeichnet.<br \/>\n2. Die Einhaltung der Lieferfrist steht unter dem Vorbehalt richtiger und rechtzeitiger Selbstbelieferung, es sei denn, die nicht richtige oder versp\u00e4tete Selbstbelieferung ist durch uns verschuldet. Sollten uns Vorlieferanten trotz rechtzeitig von uns mit gebotener Sorgfalt abgeschlossener Zuliefervertr\u00e4ge ohne unser Verschulden endg\u00fcltig nicht oder nicht vollst\u00e4ndig beliefern, sind wir berechtigt, insoweit vom Vertrag mit dem Besteller zur\u00fcckzutreten. Unsere etwaige Haftung bestimmt sich nach Ziffer \u00a77&#8230;..<br \/>\n3. Lieferfristen beginnen erst nach restloser Kl\u00e4rung aller Ausf\u00fchrungseinzelheiten zu laufen. Die Einhaltung der Lieferfristen setzt die Erf\u00fcllung der Vertragspflichten des Bestellers voraus, insbesondere die Leistung der vereinbarten Anzahlung und die rechtzeitige Zurverf\u00fcgungstellung von etwa ben\u00f6tigten Unterlagen.<br \/>\n4. Lieferverz\u00f6gerungen aufgrund h\u00f6herer Gewalt oder aufgrund unvorhersehbarer Umst\u00e4nde , an denen uns kein Verschulden trifft, wie Betriebsst\u00f6rungen, Streik, Aussperrung, beh\u00f6rdliche Anordnungen, Transportst\u00f6rungen, Ernteausf\u00e4lle, Krieg, Terror und Energiebeschaffungsschwierigkeiten f\u00fchren nicht zum Lieferverzug. Eine vereinbarte Lieferfrist verl\u00e4ngert sich um die Dauer der Behinderung zuz\u00fcglich einer angemessenen Anlaufzeit. Besteht das Leistungshindernis l\u00e4nger als drei Monate, so besteht f\u00fcr beide Vertragsparteien das Recht, ganz oder teilweise vom Vertrag zur\u00fcckzutreten. Schadensersatzanspr\u00fcche sind in diesem Falle ausgeschlossen.<br \/>\n5. Teillieferungen sind in zumutbarem Umfange zul\u00e4ssig.<\/p>\n<h3>\u00a7 5 Gefahren\u00fcbergang<\/h3>\n<p>1. Sofern sich aus unserer Auftragsbest\u00e4tigung nichts anderes ergibt, ist Lieferung \u201eex works\u201c vereinbart.<br \/>\n2. Auf ausdr\u00fccklichen Wunsch des Bestellers werden wir die Lieferung durch eine Transportversicherung eindecken; die insoweit anfallenden Kosten tr\u00e4gt der Besteller.<\/p>\n<h3>\u00a7 6 M\u00e4ngelanspr\u00fcche<\/h3>\n<p>1. Gew\u00e4hrleistungsanspr\u00fcche des Bestellers setzen voraus, dass dieser seinen Untersuchungs- und R\u00fcgeobliegenheiten nach Ma\u00dfgabe des \u00a7 377 HGB ordnungsgem\u00e4\u00df nachgekommen ist. Stellt der Besteller einen Mangel fest, so darf er \u00fcber die Ware nicht verf\u00fcgen, d.h. sie darf weder geteilt, weiterverkauft noch weiterverarbeitet werden.<br \/>\n2. Beschaffenheitsangaben, z.B. Abmessung, Gewicht und sonstige technische Angaben, verstehen sich nur als Beschaffenheitsbeschreibung und bedeuten nicht die \u00dcbernahme einer Garantie.<br \/>\n3. Bei Lieferung mangelhafter Ware k\u00f6nnen wir nach unserer Wahl den Mangel beseitigen (Nachbesserung) oder eine mangelfreie Sache liefern (Nachlieferung). Im Falle der Nachbesserung k\u00f6nnen wir nach unserer Wahl verlangen, dass das mangelhafte Produkt zur Umarbeitung oder zum Austausch mit anschlie\u00dfender R\u00fccksendung \u2013 f\u00fcr uns kostenpflichtig \u2013 an uns geschickt wird oder der Besteller das mangelhafte Produkt bereith\u00e4lt und die Umarbeitung oder der Austausch dort durch uns vorgenommen wird. Die zwecks Nachbesserung erforderlichen Aufwendungen (insbesondere Transport-, Wege, Arbeits- und Materialkosten) werden von uns getragen. Dies gilt nicht f\u00fcr erh\u00f6hte Aufwendungen, die dadurch entstehen, dass die Ware nach der Lieferung an einen anderen Ort als den Wohnsitz oder die gewerbliche Niederlassung des Bestellers verbracht worden ist, es sei denn, das Verbringen entsprach dem bestimmungsgem\u00e4\u00dfen Gebrauch der Sache.<br \/>\nBei endg\u00fcltigem Fehlschlagen der Nachlieferung oder Nachbesserung kann der Besteller Minderung verlangen oder vom Vertrag zur\u00fccktreten. Ein Recht auf Nachlieferung, Nachbesserung, R\u00fccktritt und\/oder Schadenersatz besteht nicht, wenn der Wert oder die Tauglichkeit der gelieferten Ware nur unerheblich gemindert ist.<br \/>\n4. Zahlungen des Bestellers bei M\u00e4ngelr\u00fcgen d\u00fcrfen nur ein einem Umfang , der in angemessenen Umfang zu den aufgetretenen M\u00e4ngeln sieht, zur\u00fcckgehalten werden.<br \/>\n5. R\u00fcckgriffsanspr\u00fcche des Bestellers bei Verbrauchsg\u00fcterkauf (\u00a7 478 BGB ) die aufgrund einer Vereinbarung zwischen Besteller und seine Abnehmern \u00fcber die gesetzlichen Anspr\u00fcche der Abnehmer hinausgehen sind ausgeschlossen. Der Besteller hat uns so rechtzeitig \u00fcber die M\u00e4ngelanspr\u00fcche seines Abnehmers zu informieren, dass wir in der Lage sind, nach unserer Wahl diese Anspr\u00fcche des Abnehmers anstelle des Bestellers zu erf\u00fcllen.<br \/>\n6. Alle Anspr\u00fcche des Bestellers, die ihm gegen uns aus Anlass und in Zusammenhang mit der Lieferung zustehen, insbesondere Gew\u00e4hrleistungsanspr\u00fcche, verj\u00e4hren ein Jahr nach \u00dcbergabe der Ware. Dies gilt auch f\u00fcr Anspr\u00fcche aus Pflichtverletzungen, die keinen Sach- und\/oder Rechtsmangel betreffen. F\u00fcr vors\u00e4tzliches oder arglistiges Verhalten sowie bei Anspr\u00fcchen nach dem Produkthaftungsgesetz gelten die gesetzlichen Verj\u00e4hrungsfristen.<\/p>\n<h3>\u00a7 7 Schadenersatz<\/h3>\n<p>1. Die Geltendmachung von Schadensersatz und Aufwendungsersatz wegen M\u00e4ngeln der gelieferten Ware ist ausgeschlossen, soweit wir eine Nacherf\u00fcllung aus Gr\u00fcnden, die wir nicht zu vertreten haben, nicht durchf\u00fchren k\u00f6nnen. Die Geltendmachung von Schadensersatz f\u00fcr Mangel- und f\u00fcr Mangelfolgesch\u00e4den, die auf der Lieferung von mangelbehafteter Ware beruhen, ist ausgeschlossen, sofern wir den Mangel nicht verschuldet haben.<br \/>\n2. Die Geltendmachung von Schadensersatz f\u00fcr eine Verletzung einer von uns oder Dritten abgegebenen Haltbarkeitsgarantie (\u00a7 443 Abs. 2 BGB), f\u00fcr die wir einzustehen haben, ist ausgeschlossen, wenn wir die Verletzung nicht verschuldet haben.<br \/>\n3. Ansonsten sind Schadensersatzanspr\u00fcche und Aufwendungsersatzanspr\u00fcche (im folgenden \u201eSchadensersatzanspr\u00fcche\u201c) des Bestellers, gleich aus welchen Rechtsgr\u00fcnden, insbesondere wegen Verletzung von Pflichten aus dem und in Zusammenhang mit dem Schuldverh\u00e4ltnis, aus Verschulden vor oder bei Vertragsschluss und aus unerlaubter Handlung ausgeschlossen.<br \/>\n4. Vorstehendes gilt nicht f\u00fcr Anspr\u00fcche nach dem Produkthaftungsgesetz, f\u00fcr eigene vors\u00e4tzliche oder grob fahrl\u00e4ssige Pflichtverletzungen und vors\u00e4tzliche oder grob fahrl\u00e4ssige Pflichtverletzungen von gesetzlichen Vertretern oder Erf\u00fcllungsgehilfen, f\u00fcr Verletzungen des Lebens oder bei K\u00f6rper- und Gesundheitssch\u00e4den auch durch gesetzliche Vertreter oder Erf\u00fcllungsgehilfen, wegen der \u00dcbernahme einer Garantie f\u00fcr das Vorhandensein einer Beschaffenheit (Beschaffenheitsgarantie) und einer Haltbarkeitsgarantie oder bei der fahrl\u00e4ssigen Verletzung wesentlicher Pflichten, die f\u00fcr die Erreichung des Vertragszwecks unverzichtbar sind. Im Falle unserer Fahrl\u00e4ssigkeit ist unsere Haftung auf den vorhersehbaren und vertragstypischen Schaden begrenzt. In keinem Fall haften wir \u00fcber die gesetzlichen Anspr\u00fcche hinaus. Eine Haftung aus der \u00dcbernahme eines Beschaffungsrisikos trifft uns nur, wenn wir das Beschaffungsrisiko ausdr\u00fccklich, kraft schriftlicher Vereinbarung,\u00fcbernommen haben. \u00c4nderungen der Beweislast sind mit dieser Regelung nicht verbunden.<\/p>\n<h3>\u00a7 8 Eigentumsvorbehalt<\/h3>\n<p>1. Wir behalten uns das Eigentum an den gelieferten Gegenst\u00e4nden bis zum Eingang aller Zahlungen aus der Gesch\u00e4ftsverbindung mit dem Besteller vor. Bei vertragswidrigem Verhalten des Bestellers, insbesondere bei Zahlungsverzug, sowie bei drohender Zahlungseinstellung, Zahlungsunf\u00e4higkeit oder negativer Auskunft, die auf eine wesentliche Verschlechterung der Verm\u00f6genslage des Bestellers hindeuten sind wir berechtigt, die gelieferte Sache zur\u00fcckzunehmen. Nach R\u00fccknahme der gelieferten Sache sind wir zu deren Verwertung befugt, der Verwertungserl\u00f6s ist auf Verbindlichkeiten des Bestellers abz\u00fcglich angemessener Verwertungskosten anzurechnen. Die Geltendmachung von Schadensersatzanspr\u00fcchen bleibt uns vorbehalten. Die Verwertungsregelungen der InsO (Insolvenzordnung) bleiben unber\u00fchrt.<br \/>\n2. Der Besteller ist verpflichtet, den Liefergegenstand pfleglich zu behandeln, insbesondere ist er verpflichtet, diesen auf eigene Kosten gegen Feuer-, Wasser- und Diebstahlsch\u00e4den ausreichend zum Neuwert zu versichern.<br \/>\n3. Bei Pf\u00e4ndungen oder sonstigen Eingriffen Dritter hat uns der Besteller unverz\u00fcglich schriftlich zu benachrichtigen. Der Besteller haftet uns f\u00fcr die gerichtlichen und au\u00dfergerichtlichen Kosten einer etwa notwendigen Klage gem. \u00a7 771 ZPO (Drittwiderspruchsklage). Der Besteller darf Vorbehaltsware nur mit unserer ausdr\u00fccklichen Zustimmung verpf\u00e4nden oder zur Sicherung \u00fcbereignen. Bei Beeintr\u00e4chtigung unserer Sicherungsrechte durch Dritte, insbesondere bei Beschlagnahmung oder Pf\u00e4ndung von Vorbehaltsware und\/oder an uns abgetretenen Forderungen, hat uns der Besteller sofort unter \u00dcbersendung der ihm verf\u00fcgbaren Unterlagen (wie z.B. Pf\u00e4ndungsprotokolle etc.) zu benachrichtigen und Dritte auf unsere Sicherungsrechte hinzuweisen. Der Besteller ist verpflichtet, die uns durch die Beeintr\u00e4chtigung unserer Sicherungsrechte erforderlichen Abwehrma\u00dfnahmen entstehenden Kosten zu erstatten.<br \/>\n4. Der Besteller ist berechtigt, den Liefergegenstand im ordentlichen Gesch\u00e4ftsgang weiterzuverkaufen, er tritt uns jedoch bereits jetzt alle Forderungen in H\u00f6he des Rechnungsendbetrags (einschlie\u00dflich Mehrwertsteuer) ab, die ihm aus der Weiterver\u00e4u\u00dferung gegen seine Abnehmer oder Dritter erwachsen, und zwar unabh\u00e4ngig davon, ob der gelieferte Gegenstand ohne oder nach Verarbeitung weiterverkauft worden ist. Zur Einziehung dieser Forderung bleibt der Besteller auch nach der Abtretung erm\u00e4chtigt. Wir sind jedoch befugt, die Forderung selbst einzuziehen, wenn der Besteller seinen Zahlungsverpflichtungen aus den vereinnahmten Erl\u00f6sen nicht mehr nachkommt, in Zahlungsverzug ger\u00e4t oder einen Antrag auf Er\u00f6ffnung eines Insolvenzverfahrens gestellt hat oder gestellt wurde oder Zahlungseinstellung vorliegt. In diesen F\u00e4llen k\u00f6nnen wir verlangen, dass der Besteller die abgetretenen Forderungen und deren Schuldner bekannt gibt, alle zum Einzug erforderlichen Angaben macht, die dazugeh\u00f6rigen Unterlagen herausgibt und den Schuldnern (Dritten) die Abtretung mitteilt. Eine Einziehung der Forderung durch uns ist jedoch nicht m\u00f6glich, sofern dem die Insolvenzordnung entgegensteht.<br \/>\n5. Wir und der Besteller sind uns dar\u00fcber einig, dass wir zus\u00e4tzlich ein Pfandrecht an den Forderungen in H\u00f6he des Rechnungsendbetrags (einschlie\u00dflich Mehrwertsteuer) unserer Forderungen erwerben, die dem Besteller aus der Weiterver\u00e4u\u00dferung gegen seinen Abnehmer oder Dritte gem. Ziff. 4 erwachsen, und zwar ebenfalls unabh\u00e4ngig davon, ob der gelieferte Gegenstand ohne oder nach Verarbeitung weiterverkauft worden ist.<br \/>\n6. Die Verarbeitung oder Umbildung des gelieferten Gegenstandes durch den Besteller wird stets f\u00fcr uns vorgenommen. Wird der gelieferte Gegenstand mit anderen, uns nicht geh\u00f6renden Gegenst\u00e4nden verarbeitet, so erwerben wir das Miteigentum an der neuen Sache im Verh\u00e4ltnis des Wertes der gelieferten Sache zu den anderen verarbeiteten Gegenst\u00e4nden zur Zeit der Verarbeitung. F\u00fcr die durch Verarbeitung entstehende Sache gilt im \u00dcbrigen das gleiche wie f\u00fcr die unter Vorbehalt gelieferten Gegenst\u00e4nde.<\/p>\n<h3>\u00a7 9 Gerichtsstand \u2013 Erf\u00fcllungsort<\/h3>\n<p>1. Sofern der Besteller Kaufmann ist, ist ausschlie\u00dflicher Gerichtsstand Hamburg. Wir sind jedoch berechtigt den Besteller auch an dem Gericht seines Wohnortes zu verklagen.<br \/>\n2. Sofern sich aus der Auftragsbest\u00e4tigung nichts anderes ergibt, ist Erf\u00fcllungsort Hamburg.<\/p>\n<h3>\u00a7 10 Anwendbares Recht, Salvatorische Klausel<\/h3>\n<p>1. Die Rechtsbeziehung zwischen den Parteien richtet sich ausschlie\u00dflich nach deutschem Recht unter Ausschluss des UN-Kaufrechts\u00fcbereinkommens (UNCITRAL\/CISG).<br \/>\n2. Sollten einzelne Bestimmungen dieses Vertrages oder dieser Allgemeinen Bedingungen unwirksam sein, so wird dadurch die Wirksamkeit der anderen Bestimmungen nicht ber\u00fchrt.<\/p>\n<\/div><\/div><\/div><\/div><\/div><\/div><\/section>\n","protected":false},"excerpt":{"rendered":"General Terms and ConditionsAllgemeine Lieferungs \u2013 und Verkaufsbedingungen \u00a7 1 Allgemeines \u2013 Geltungsbereich 1. Unsere Lieferbedingungen gelten ausschlie\u00dflich. Entgegenstehende oder abweichende Bedingungen des Bestellers erkennen wir nicht an, es sei denn, wir haben ausdr\u00fccklich schriftlich ihrer Geltung zugestimmt. 2. Alle Vereinbarungen, die zwischen uns und dem Besteller zwecks Ausf\u00fchrung dieses Vertrages getroffen werden, sind in...","protected":false},"author":1,"featured_media":0,"parent":0,"menu_order":0,"comment_status":"closed","ping_status":"closed","template":"","meta":{"footnotes":""},"class_list":["post-7233","page","type-page","status-publish","hentry"],"acf":[],"yoast_head":"<!-- This site is optimized with the Yoast SEO plugin v27.3 - https:\/\/yoast.com\/product\/yoast-seo-wordpress\/ -->\n<title>General Terms and Conditions - NRJ NUTS<\/title>\n<meta name=\"robots\" content=\"index, follow, max-snippet:-1, max-image-preview:large, max-video-preview:-1\" \/>\n<link rel=\"canonical\" href=\"https:\/\/nrjnuts.com\/en\/agb\/\" \/>\n<meta property=\"og:locale\" content=\"en_US\" \/>\n<meta property=\"og:type\" content=\"article\" \/>\n<meta property=\"og:title\" content=\"General Terms and Conditions - NRJ NUTS\" \/>\n<meta property=\"og:url\" content=\"https:\/\/nrjnuts.com\/en\/agb\/\" \/>\n<meta property=\"og:site_name\" content=\"NRJ NUTS\" \/>\n<meta property=\"article:publisher\" content=\"https:\/\/de-de.facebook.com\/NRJNuts\/\" \/>\n<meta property=\"article:modified_time\" content=\"2022-11-18T01:09:33+00:00\" \/>\n<meta name=\"twitter:card\" content=\"summary_large_image\" \/>\n<script type=\"application\/ld+json\" class=\"yoast-schema-graph\">{\"@context\":\"https:\\\/\\\/schema.org\",\"@graph\":[{\"@type\":\"WebPage\",\"@id\":\"https:\\\/\\\/nrjnuts.com\\\/en\\\/agb\\\/\",\"url\":\"https:\\\/\\\/nrjnuts.com\\\/en\\\/agb\\\/\",\"name\":\"General Terms and Conditions - NRJ NUTS\",\"isPartOf\":{\"@id\":\"https:\\\/\\\/nrjnuts.com\\\/#website\"},\"datePublished\":\"2022-09-12T11:28:18+00:00\",\"dateModified\":\"2022-11-18T01:09:33+00:00\",\"breadcrumb\":{\"@id\":\"https:\\\/\\\/nrjnuts.com\\\/en\\\/agb\\\/#breadcrumb\"},\"inLanguage\":\"en-US\",\"potentialAction\":[{\"@type\":\"ReadAction\",\"target\":[\"https:\\\/\\\/nrjnuts.com\\\/en\\\/agb\\\/\"]}]},{\"@type\":\"BreadcrumbList\",\"@id\":\"https:\\\/\\\/nrjnuts.com\\\/en\\\/agb\\\/#breadcrumb\",\"itemListElement\":[{\"@type\":\"ListItem\",\"position\":1,\"name\":\"Startseite\",\"item\":\"https:\\\/\\\/nrjnuts.com\\\/en\\\/\"},{\"@type\":\"ListItem\",\"position\":2,\"name\":\"General Terms and Conditions\"}]},{\"@type\":\"WebSite\",\"@id\":\"https:\\\/\\\/nrjnuts.com\\\/#website\",\"url\":\"https:\\\/\\\/nrjnuts.com\\\/\",\"name\":\"NRJ NUTS\",\"description\":\"Naturbelassene N\u00fcsse, Nussmischungen, Veredelte N\u00fcsse und mehr\",\"publisher\":{\"@id\":\"https:\\\/\\\/nrjnuts.com\\\/#organization\"},\"alternateName\":\"nrjnuts\",\"potentialAction\":[{\"@type\":\"SearchAction\",\"target\":{\"@type\":\"EntryPoint\",\"urlTemplate\":\"https:\\\/\\\/nrjnuts.com\\\/?s={search_term_string}\"},\"query-input\":{\"@type\":\"PropertyValueSpecification\",\"valueRequired\":true,\"valueName\":\"search_term_string\"}}],\"inLanguage\":\"en-US\"},{\"@type\":\"Organization\",\"@id\":\"https:\\\/\\\/nrjnuts.com\\\/#organization\",\"name\":\"NRJ NUTS\",\"alternateName\":\"nrjnuts\",\"url\":\"https:\\\/\\\/nrjnuts.com\\\/\",\"logo\":{\"@type\":\"ImageObject\",\"inLanguage\":\"en-US\",\"@id\":\"https:\\\/\\\/nrjnuts.com\\\/#\\\/schema\\\/logo\\\/image\\\/\",\"url\":\"https:\\\/\\\/nrjnuts.com\\\/wp-content\\\/uploads\\\/2022\\\/09\\\/nrjnuts-logo.png\",\"contentUrl\":\"https:\\\/\\\/nrjnuts.com\\\/wp-content\\\/uploads\\\/2022\\\/09\\\/nrjnuts-logo.png\",\"width\":800,\"height\":800,\"caption\":\"NRJ NUTS\"},\"image\":{\"@id\":\"https:\\\/\\\/nrjnuts.com\\\/#\\\/schema\\\/logo\\\/image\\\/\"},\"sameAs\":[\"https:\\\/\\\/de-de.facebook.com\\\/NRJNuts\\\/\",\"https:\\\/\\\/www.instagram.com\\\/nrj_nuts\\\/\"]}]}<\/script>\n<!-- \/ Yoast SEO plugin. -->","yoast_head_json":{"title":"General Terms and Conditions - NRJ NUTS","robots":{"index":"index","follow":"follow","max-snippet":"max-snippet:-1","max-image-preview":"max-image-preview:large","max-video-preview":"max-video-preview:-1"},"canonical":"https:\/\/nrjnuts.com\/en\/agb\/","og_locale":"en_US","og_type":"article","og_title":"General Terms and Conditions - NRJ NUTS","og_url":"https:\/\/nrjnuts.com\/en\/agb\/","og_site_name":"NRJ NUTS","article_publisher":"https:\/\/de-de.facebook.com\/NRJNuts\/","article_modified_time":"2022-11-18T01:09:33+00:00","twitter_card":"summary_large_image","schema":{"@context":"https:\/\/schema.org","@graph":[{"@type":"WebPage","@id":"https:\/\/nrjnuts.com\/en\/agb\/","url":"https:\/\/nrjnuts.com\/en\/agb\/","name":"General Terms and Conditions - NRJ NUTS","isPartOf":{"@id":"https:\/\/nrjnuts.com\/#website"},"datePublished":"2022-09-12T11:28:18+00:00","dateModified":"2022-11-18T01:09:33+00:00","breadcrumb":{"@id":"https:\/\/nrjnuts.com\/en\/agb\/#breadcrumb"},"inLanguage":"en-US","potentialAction":[{"@type":"ReadAction","target":["https:\/\/nrjnuts.com\/en\/agb\/"]}]},{"@type":"BreadcrumbList","@id":"https:\/\/nrjnuts.com\/en\/agb\/#breadcrumb","itemListElement":[{"@type":"ListItem","position":1,"name":"Startseite","item":"https:\/\/nrjnuts.com\/en\/"},{"@type":"ListItem","position":2,"name":"General Terms and Conditions"}]},{"@type":"WebSite","@id":"https:\/\/nrjnuts.com\/#website","url":"https:\/\/nrjnuts.com\/","name":"NRJ NUTS","description":"Naturbelassene N\u00fcsse, Nussmischungen, Veredelte N\u00fcsse und mehr","publisher":{"@id":"https:\/\/nrjnuts.com\/#organization"},"alternateName":"nrjnuts","potentialAction":[{"@type":"SearchAction","target":{"@type":"EntryPoint","urlTemplate":"https:\/\/nrjnuts.com\/?s={search_term_string}"},"query-input":{"@type":"PropertyValueSpecification","valueRequired":true,"valueName":"search_term_string"}}],"inLanguage":"en-US"},{"@type":"Organization","@id":"https:\/\/nrjnuts.com\/#organization","name":"NRJ NUTS","alternateName":"nrjnuts","url":"https:\/\/nrjnuts.com\/","logo":{"@type":"ImageObject","inLanguage":"en-US","@id":"https:\/\/nrjnuts.com\/#\/schema\/logo\/image\/","url":"https:\/\/nrjnuts.com\/wp-content\/uploads\/2022\/09\/nrjnuts-logo.png","contentUrl":"https:\/\/nrjnuts.com\/wp-content\/uploads\/2022\/09\/nrjnuts-logo.png","width":800,"height":800,"caption":"NRJ NUTS"},"image":{"@id":"https:\/\/nrjnuts.com\/#\/schema\/logo\/image\/"},"sameAs":["https:\/\/de-de.facebook.com\/NRJNuts\/","https:\/\/www.instagram.com\/nrj_nuts\/"]}]}},"_links":{"self":[{"href":"https:\/\/nrjnuts.com\/en\/wp-json\/wp\/v2\/pages\/7233","targetHints":{"allow":["GET"]}}],"collection":[{"href":"https:\/\/nrjnuts.com\/en\/wp-json\/wp\/v2\/pages"}],"about":[{"href":"https:\/\/nrjnuts.com\/en\/wp-json\/wp\/v2\/types\/page"}],"author":[{"embeddable":true,"href":"https:\/\/nrjnuts.com\/en\/wp-json\/wp\/v2\/users\/1"}],"replies":[{"embeddable":true,"href":"https:\/\/nrjnuts.com\/en\/wp-json\/wp\/v2\/comments?post=7233"}],"version-history":[{"count":2,"href":"https:\/\/nrjnuts.com\/en\/wp-json\/wp\/v2\/pages\/7233\/revisions"}],"predecessor-version":[{"id":7235,"href":"https:\/\/nrjnuts.com\/en\/wp-json\/wp\/v2\/pages\/7233\/revisions\/7235"}],"wp:attachment":[{"href":"https:\/\/nrjnuts.com\/en\/wp-json\/wp\/v2\/media?parent=7233"}],"curies":[{"name":"wp","href":"https:\/\/api.w.org\/{rel}","templated":true}]}}