{"id":7395,"date":"2015-10-21T09:31:45","date_gmt":"2015-10-21T07:31:45","guid":{"rendered":"https:\/\/nrjnuts.com\/?page_id=7395"},"modified":"2022-11-21T02:28:58","modified_gmt":"2022-11-21T01:28:58","slug":"qui-sommes-nous","status":"publish","type":"page","link":"https:\/\/nrjnuts.com\/fr\/qui-sommes-nous\/","title":{"rendered":"Qui sommes-nous"},"content":{"rendered":"<section class=\"l-section wpb_row us_custom_f37d58fd height_custom\"><div class=\"l-section-overlay\" style=\"background:var(--color-header-middle-text-hover)\"><\/div><div class=\"l-section-h i-cf\"><div class=\"g-cols vc_row via_grid cols_2 laptops-cols_inherit tablets-cols_inherit mobiles-cols_1 valign_top type_default stacking_default\"><div class=\"wpb_column vc_column_container\"><div class=\"vc_column-inner\"><div class=\"wpb_text_column\"><div class=\"wpb_wrapper\"><h3><strong>Qui sommes-nous<br \/>\n<\/strong><\/h3>\n<\/div><\/div><div class=\"wpb_text_column us_custom_7e20fa79 us_animate_this\"><div class=\"wpb_wrapper\"><p>Fresh Nuts GmbH est fond\u00e9e en 1999 par K.Kilic \u00e0 Hambourg, le c\u0153ur du Nord.<\/p>\n<p>Depuis 1978, Senior Kilic conna\u00eet un grand succ\u00e8s dans le secteur des noix et transmet son exp\u00e9rience et son expertise \u00e0 son fils K.Kilic.<\/p>\n<p>Aujourd\u2019hui, les des trois marques \u00ab\u00a0Meray, NRJ et Kerem\u00a0\u00bb de Fresh Nuts GmbH sont propos\u00e9es avec succ\u00e8s aux #foodlovers dans plus de 50\u00a0pays.<\/p>\n<p>Chaque action entrepreneuriale que nous menons est marqu\u00e9e par la confiance et la transparence et refl\u00e8te notre devise\u00a0: \u00ab\u00a0<strong>penser globalement, agir localement<\/strong>\u00a0\u00bb .<\/p>\n<p>Notre attention se porte sur les d\u00e9veloppements et les affaires internationales, sans perdre notre lien avec la population locale.<\/p>\n<p>\u00ab\u00a0Fresh Nuts GmbH\u00a0\u00bb offre \u00e0 ses partenaires et clients les sp\u00e9cifications de produits les plus \u00e9lev\u00e9es dans toutes les marques et veille \u00e0 une production respectueuse de l\u2019environnement ainsi qu\u2019\u00e0 une politique \u00e9nerg\u00e9tique durable.<\/p>\n<p>Le respect des normes de production extr\u00eamement \u00e9lev\u00e9es en mati\u00e8re d\u2019hygi\u00e8ne ainsi que la responsabilit\u00e9 envers les pratiques sociales sont, \u00e0 nos yeux, les aspects les plus importants de nos principes fondamentaux, que ce soit pour les employ\u00e9s ou les propri\u00e9taires.<\/p>\n<\/div><\/div><\/div><\/div><div class=\"wpb_column vc_column_container\"><div class=\"vc_column-inner\">\n\t\t\t<!-- START Slider rotate REVOLUTION SLIDER 6.5.31 --><p class=\"rs-p-wp-fix\"><\/p>\n\t\t\t<rs-module-wrap id=\"rev_slider_14_1_wrapper\" data-source=\"gallery\" style=\"visibility:hidden;background:transparent;padding:0;margin:0px auto;margin-top:0;margin-bottom:0;\">\n\t\t\t\t<rs-module id=\"rev_slider_14_1\" style=\"\" data-version=\"6.5.31\">\n\t\t\t\t\t<rs-slides>\n\t\t\t\t\t\t<rs-slide style=\"position: absolute;\" data-key=\"rs-22\" data-title=\"Slide\" data-in=\"o:0;\" data-out=\"a:false;\">\n\t\t\t\t\t\t\t<img decoding=\"async\" src=\"\/\/nrjnuts.com\/wp-content\/plugins\/revslider\/public\/assets\/assets\/dummy.png\" alt=\"Slide\" title=\"Qui sommes-nous\" class=\"rev-slidebg tp-rs-img rs-lazyload\" data-lazyload=\"\/\/nrjnuts.com\/wp-content\/plugins\/revslider\/public\/assets\/assets\/transparent.png\" data-no-retina>\n<!--\n\t\t\t\t\t\t\t--><rs-layer\n\t\t\t\t\t\t\t\tid=\"slider-14-slide-22-layer-0\" \n\t\t\t\t\t\t\t\tdata-type=\"image\"\n\t\t\t\t\t\t\t\tdata-rsp_ch=\"on\"\n\t\t\t\t\t\t\t\tdata-xy=\"x:c;y:c;\"\n\t\t\t\t\t\t\t\tdata-text=\"w:normal;\"\n\t\t\t\t\t\t\t\tdata-dim=\"w:400px;h:400px;\"\n\t\t\t\t\t\t\t\tdata-frame_999=\"o:0;st:w;\"\n\t\t\t\t\t\t\t\tstyle=\"z-index:9;\"\n\t\t\t\t\t\t\t><img decoding=\"async\" src=\"\/\/nrjnuts.com\/wp-content\/plugins\/revslider\/public\/assets\/assets\/dummy.png\" alt=\"\" class=\"tp-rs-img rs-lazyload\" width=\"800\" height=\"800\" data-lazyload=\"\/\/neu.nrjnuts.com\/wp-content\/uploads\/2022\/09\/nrjnuts-logo.png\" data-no-retina> \n\t\t\t\t\t\t\t<\/rs-layer><!--\n\n\t\t\t\t\t\t\t--><rs-layer\n\t\t\t\t\t\t\t\tid=\"slider-14-slide-22-layer-1\" \n\t\t\t\t\t\t\t\tdata-type=\"image\"\n\t\t\t\t\t\t\t\tdata-rsp_ch=\"on\"\n\t\t\t\t\t\t\t\tdata-xy=\"x:c;y:c;\"\n\t\t\t\t\t\t\t\tdata-text=\"w:normal;\"\n\t\t\t\t\t\t\t\tdata-dim=\"w:800px;h:800px;\"\n\t\t\t\t\t\t\t\tdata-basealign=\"slide\"\n\t\t\t\t\t\t\t\tdata-frame_999=\"o:0;st:w;\"\n\t\t\t\t\t\t\t\tdata-loop_999=\"rZ:360deg;sp:10000;\"\n\t\t\t\t\t\t\t\tstyle=\"z-index:8;\"\n\t\t\t\t\t\t\t><img decoding=\"async\" src=\"\/\/nrjnuts.com\/wp-content\/plugins\/revslider\/public\/assets\/assets\/dummy.png\" alt=\"\" class=\"tp-rs-img rs-lazyload\" width=\"1536\" height=\"1536\" data-lazyload=\"\/\/nrjnuts.com\/wp-content\/uploads\/2022\/10\/NRJ-rotate-1536x1536.png\" data-no-retina> \n\t\t\t\t\t\t\t<\/rs-layer><!--\n-->\t\t\t\t\t\t<\/rs-slide>\n\t\t\t\t\t<\/rs-slides>\n\t\t\t\t<\/rs-module>\n\t\t\t\t<script>\n\t\t\t\t\tsetREVStartSize({c: 'rev_slider_14_1',rl:[1240,1024,778,480],el:[900],gw:[1240],gh:[900],type:'hero',justify:'',layout:'fullwidth',mh:\"0\"});if (window.RS_MODULES!==undefined && window.RS_MODULES.modules!==undefined && window.RS_MODULES.modules[\"revslider141\"]!==undefined) {window.RS_MODULES.modules[\"revslider141\"].once = false;window.revapi14 = undefined;if (window.RS_MODULES.checkMinimal!==undefined) window.RS_MODULES.checkMinimal()}\n\t\t\t\t<\/script>\n\t\t\t<\/rs-module-wrap>\n\t\t\t<!-- END REVOLUTION SLIDER -->\n<div class=\"w-separator size_custom\" style=\"height:5vh\"><\/div><\/div><\/div><\/div><\/div><\/section><section class=\"l-section wpb_row height_custom color_secondary with_img parallax_ver\" id=\"quality\"><div class=\"l-section-img\" style=\"background-image: url(https:\/\/nrjnuts.com\/wp-content\/uploads\/2022\/09\/slider1-nrjnuts.jpeg);background-repeat: no-repeat;\" data-img-width=\"1800\" data-img-height=\"1198\"><\/div><div class=\"l-section-overlay\" style=\"background:rgba(43,44,54,0.61)\"><\/div><div class=\"l-section-h i-cf\"><div class=\"g-cols vc_row via_grid cols_1 laptops-cols_inherit tablets-cols_inherit mobiles-cols_1 valign_top type_default stacking_default\"><div class=\"wpb_column vc_column_container\"><div class=\"vc_column-inner\"><div class=\"g-cols wpb_row via_grid cols_1 laptops-cols_inherit tablets-cols_inherit mobiles-cols_1 valign_top type_default stacking_default\"><div class=\"wpb_column vc_column_container\"><div class=\"vc_column-inner\"><div class=\"w-text us_custom_28e36be2 has_text_color\"><span class=\"w-text-h\"><span class=\"w-text-value\">La qualit\u00e9 est la cl\u00e9<\/span><\/span><\/div><div class=\"wpb_text_column\"><div class=\"wpb_wrapper\"><p><strong>NRJ NUTS<\/strong><\/p>\n<p>Notre site de production de Bad Oldesloe (S-H) est dot\u00e9 d\u2019une proc\u00e9dure avanc\u00e9e et d\u2019un personnel qualifi\u00e9 gr\u00e2ce \u00e0 la \u00ab\u00a0certification IFS Food pour la production et la transformation de denr\u00e9es alimentaires\u00a0\u00bb et atteint ainsi chaque ann\u00e9e le niveau maximum, m\u00eame en tant que courtier.<\/p>\n<p>Des contr\u00f4les de qualit\u00e9 internes r\u00e9guliers dans tous les domaines, compl\u00e9t\u00e9s par des analyses externes, garantissent des m\u00e9langes de noix impeccables.<\/p>\n<p>Nos fournisseurs sont \u00e9galement certifi\u00e9s par les normes USDA, HACCP, FDA, ISO\u00a022000, Kasher, IFS et produisent dans les meilleures r\u00e9gions. N\u2019oublions pas l\u2019attention port\u00e9e \u00e0 la promotion des agriculteurs locaux. <\/p>\n<\/div><\/div><div class=\"w-separator size_custom\" style=\"height:10vh\"><\/div><\/div><\/div><\/div><\/div><\/div><\/div><\/div><\/section><section class=\"l-section wpb_row height_custom\"><div class=\"l-section-h i-cf\"><div class=\"g-cols vc_row via_grid cols_1 laptops-cols_inherit tablets-cols_inherit mobiles-cols_1 valign_top type_default stacking_default\"><div class=\"wpb_column vc_column_container\"><div class=\"vc_column-inner\"><section class=\"l-section wpb_row height_custom\"><div class=\"l-section-overlay\" style=\"background:var(--color-header-transparent-text)\"><\/div><div class=\"l-section-h i-cf\"><div class=\"g-cols vc_row via_grid cols_1 laptops-cols_inherit tablets-cols_inherit mobiles-cols_1 valign_top type_default stacking_default\"><div class=\"wpb_column vc_column_container us_custom_60e9caca us_animate_this\"><div class=\"vc_column-inner\"><div class=\"g-cols wpb_row via_grid cols_3 laptops-cols_inherit tablets-cols_inherit mobiles-cols_1 valign_top type_default stacking_default\"><div class=\"wpb_column vc_column_container us_custom_f70d789f us_animate_this\"><div class=\"vc_column-inner\"><div class=\"w-text us_custom_28e36be2 has_text_color\"><span class=\"w-text-h\"><span class=\"w-text-value\">IFS<\/span><\/span><\/div><div class=\"wpb_text_column us_custom_0259209c has_text_color\"><div class=\"wpb_wrapper\"><h3><strong>certificat<\/strong><\/h3>\n<\/div><\/div><div class=\"w-image align_none\"><div class=\"w-image-h\"><img loading=\"lazy\" decoding=\"async\" width=\"300\" height=\"178\" src=\"https:\/\/nrjnuts.com\/wp-content\/uploads\/2022\/11\/IFS_Food_RGB-300x178.png\" class=\"attachment-medium size-medium\" alt=\"\" srcset=\"https:\/\/nrjnuts.com\/wp-content\/uploads\/2022\/11\/IFS_Food_RGB-300x178.png 300w, https:\/\/nrjnuts.com\/wp-content\/uploads\/2022\/11\/IFS_Food_RGB.png 579w\" sizes=\"auto, (max-width: 300px) 100vw, 300px\" \/><\/div><\/div><\/div><\/div><div class=\"wpb_column vc_column_container us_custom_de366d1c us_animate_this\"><div class=\"vc_column-inner\"><div class=\"w-text us_custom_28e36be2 has_text_color\"><span class=\"w-text-h\"><span class=\"w-text-value\">DLG<\/span><\/span><\/div><div class=\"wpb_text_column us_custom_0259209c has_text_color\"><div class=\"wpb_wrapper\"><h3><strong>Gold Siegel<br \/>\n<\/strong><\/h3>\n<\/div><\/div><div class=\"w-image align_none\"><div class=\"w-image-h\"><img loading=\"lazy\" decoding=\"async\" width=\"300\" height=\"300\" src=\"https:\/\/nrjnuts.com\/wp-content\/uploads\/2022\/11\/Gold-Siegel-2021-300x300.jpg\" class=\"attachment-medium size-medium\" alt=\"\" srcset=\"https:\/\/nrjnuts.com\/wp-content\/uploads\/2022\/11\/Gold-Siegel-2021-300x300.jpg 300w, https:\/\/nrjnuts.com\/wp-content\/uploads\/2022\/11\/Gold-Siegel-2021-1024x1024.jpg 1024w, https:\/\/nrjnuts.com\/wp-content\/uploads\/2022\/11\/Gold-Siegel-2021-150x150.jpg 150w, https:\/\/nrjnuts.com\/wp-content\/uploads\/2022\/11\/Gold-Siegel-2021-1536x1536.jpg 1536w\" sizes=\"auto, (max-width: 300px) 100vw, 300px\" \/><\/div><\/div><\/div><\/div><div class=\"wpb_column vc_column_container us_custom_15a2201b us_animate_this\"><div class=\"vc_column-inner\"><div class=\"w-text us_custom_28e36be2 has_text_color\"><span class=\"w-text-h\"><span class=\"w-text-value\">International<\/span><\/span><\/div><div class=\"wpb_text_column us_custom_0259209c has_text_color\"><div class=\"wpb_wrapper\"><h3><strong>Taste Award<br \/>\n<\/strong><\/h3>\n<\/div><\/div><div class=\"w-image align_none\"><div class=\"w-image-h\"><img loading=\"lazy\" decoding=\"async\" width=\"158\" height=\"300\" src=\"https:\/\/nrjnuts.com\/wp-content\/uploads\/2022\/11\/ITI_LABEL_POS_2021-158x300.png\" class=\"attachment-medium size-medium\" alt=\"\" srcset=\"https:\/\/nrjnuts.com\/wp-content\/uploads\/2022\/11\/ITI_LABEL_POS_2021-158x300.png 158w, https:\/\/nrjnuts.com\/wp-content\/uploads\/2022\/11\/ITI_LABEL_POS_2021-538x1024.png 538w, https:\/\/nrjnuts.com\/wp-content\/uploads\/2022\/11\/ITI_LABEL_POS_2021-807x1536.png 807w, https:\/\/nrjnuts.com\/wp-content\/uploads\/2022\/11\/ITI_LABEL_POS_2021.png 884w\" sizes=\"auto, (max-width: 158px) 100vw, 158px\" \/><\/div><\/div><\/div><\/div><\/div><\/div><\/div><\/div><\/div><\/section>\n<\/div><\/div><\/div><\/div><\/section><section class=\"l-section wpb_row us_custom_9075423f height_custom full_height valign_center\"><div class=\"l-section-h i-cf\"><div class=\"g-cols vc_row via_grid cols_1 laptops-cols_inherit tablets-cols_inherit mobiles-cols_1 valign_top type_default stacking_default\" style=\"grid-gap:0.3rem;\"><div class=\"wpb_column vc_column_container\"><div class=\"vc_column-inner\"><div class=\"ult-spacer spacer-69dacf9b0c1d9\" data-id=\"69dacf9b0c1d9\" data-height=\"160\" data-height-mobile=\"160\" data-height-tab=\"160\" data-height-tab-portrait=\"\" data-height-mobile-landscape=\"\" style=\"clear:both;display:block;\"><\/div><div class=\"w-separator size_small\"><\/div><\/div><\/div><\/div><\/div><\/section><!-- Row Backgrounds --><div class=\"upb_bg_img\" data-ultimate-bg=\"url(https:\/\/nrjnuts.com\/wp-content\/uploads\/2022\/11\/AdobeStock_168164932-scaled.jpeg)\" data-image-id=\"id^6924|url^https:\/\/nrjnuts.com\/wp-content\/uploads\/2022\/11\/AdobeStock_168164932-scaled.jpeg|caption^null|alt^null|title^Hamburger Hafen Skyline Panorama|description^null\" data-ultimate-bg-style=\"vcpb-hz-jquery\" data-bg-img-repeat=\"repeat-x\" data-bg-img-size=\"contain\" data-bg-img-position=\"\" data-parallx_sense=\"30\" data-bg-override=\"0\" data-bg_img_attach=\"scroll\" data-upb-overlay-color=\"\" data-upb-bg-animation=\"\" data-fadeout=\"\" data-bg-animation=\"left-animation\" data-bg-animation-type=\"h\" data-animation-repeat=\"repeat\" data-fadeout-percentage=\"30\" data-parallax-content=\"\" data-parallax-content-sense=\"30\" data-row-effect-mobile-disable=\"true\" data-img-parallax-mobile-disable=\"true\" data-rtl=\"false\"  data-custom-vc-row=\"\"  data-vc=\"6.9.0\"  data-is_old_vc=\"\"  data-theme-support=\"\"   data-overlay=\"false\" data-overlay-color=\"\" data-overlay-pattern=\"\" data-overlay-pattern-opacity=\"\" data-overlay-pattern-size=\"\"    ><\/div><section class=\"l-section wpb_row height_large color_primary\"><div class=\"l-section-h i-cf\"><div class=\"g-cols vc_row via_grid cols_1 laptops-cols_inherit tablets-cols_inherit mobiles-cols_1 valign_top type_default stacking_default\"><div class=\"wpb_column vc_column_container us_custom_60e9caca us_animate_this\"><div class=\"vc_column-inner\"><div class=\"w-actionbox color_primary controls_bottom\"><div class=\"w-actionbox-text\"><h2 class=\"w-actionbox-title\">Nous contacter<\/h2><\/div><div class=\"w-actionbox-controls\"><a class=\"w-btn us-btn-style_5\" href=\"\/fr\/contact\/\" style=\"font-size:18px;\"><span class=\"w-btn-label\">Contact<\/span><\/a><\/div><\/div><\/div><\/div><\/div><\/div><\/section>\n","protected":false},"excerpt":{"rendered":"Qui sommes-nous Fresh Nuts GmbH est fond\u00e9e en 1999 par K.Kilic \u00e0 Hambourg, le c\u0153ur du Nord. Depuis 1978, Senior Kilic conna\u00eet un grand succ\u00e8s dans le secteur des noix et transmet son exp\u00e9rience et son expertise \u00e0 son fils K.Kilic. Aujourd\u2019hui, les des trois marques \u00ab\u00a0Meray, NRJ et Kerem\u00a0\u00bb de Fresh Nuts GmbH sont...","protected":false},"author":1,"featured_media":0,"parent":0,"menu_order":0,"comment_status":"closed","ping_status":"closed","template":"","meta":{"footnotes":""},"class_list":["post-7395","page","type-page","status-publish","hentry"],"acf":[],"yoast_head":"<!-- This site is optimized with the Yoast SEO plugin v27.3 - https:\/\/yoast.com\/product\/yoast-seo-wordpress\/ -->\n<title>Qui sommes-nous - NRJ NUTS<\/title>\n<meta name=\"robots\" content=\"index, follow, max-snippet:-1, max-image-preview:large, max-video-preview:-1\" \/>\n<link rel=\"canonical\" href=\"https:\/\/nrjnuts.com\/fr\/qui-sommes-nous\/\" \/>\n<meta property=\"og:locale\" content=\"fr_FR\" \/>\n<meta property=\"og:type\" content=\"article\" \/>\n<meta property=\"og:title\" content=\"Qui sommes-nous - NRJ NUTS\" \/>\n<meta property=\"og:url\" content=\"https:\/\/nrjnuts.com\/fr\/qui-sommes-nous\/\" \/>\n<meta property=\"og:site_name\" content=\"NRJ NUTS\" \/>\n<meta property=\"article:publisher\" content=\"https:\/\/de-de.facebook.com\/NRJNuts\/\" \/>\n<meta property=\"article:modified_time\" content=\"2022-11-21T01:28:58+00:00\" \/>\n<meta name=\"twitter:card\" content=\"summary_large_image\" \/>\n<script type=\"application\/ld+json\" class=\"yoast-schema-graph\">{\"@context\":\"https:\\\/\\\/schema.org\",\"@graph\":[{\"@type\":\"WebPage\",\"@id\":\"https:\\\/\\\/nrjnuts.com\\\/fr\\\/qui-sommes-nous\\\/\",\"url\":\"https:\\\/\\\/nrjnuts.com\\\/fr\\\/qui-sommes-nous\\\/\",\"name\":\"Qui sommes-nous - NRJ NUTS\",\"isPartOf\":{\"@id\":\"https:\\\/\\\/nrjnuts.com\\\/#website\"},\"datePublished\":\"2015-10-21T07:31:45+00:00\",\"dateModified\":\"2022-11-21T01:28:58+00:00\",\"breadcrumb\":{\"@id\":\"https:\\\/\\\/nrjnuts.com\\\/fr\\\/qui-sommes-nous\\\/#breadcrumb\"},\"inLanguage\":\"fr-FR\",\"potentialAction\":[{\"@type\":\"ReadAction\",\"target\":[\"https:\\\/\\\/nrjnuts.com\\\/fr\\\/qui-sommes-nous\\\/\"]}]},{\"@type\":\"BreadcrumbList\",\"@id\":\"https:\\\/\\\/nrjnuts.com\\\/fr\\\/qui-sommes-nous\\\/#breadcrumb\",\"itemListElement\":[{\"@type\":\"ListItem\",\"position\":1,\"name\":\"Startseite\",\"item\":\"https:\\\/\\\/nrjnuts.com\\\/fr\\\/\"},{\"@type\":\"ListItem\",\"position\":2,\"name\":\"Qui sommes-nous\"}]},{\"@type\":\"WebSite\",\"@id\":\"https:\\\/\\\/nrjnuts.com\\\/#website\",\"url\":\"https:\\\/\\\/nrjnuts.com\\\/\",\"name\":\"NRJ NUTS\",\"description\":\"Naturbelassene N\u00fcsse, Nussmischungen, Veredelte N\u00fcsse und mehr\",\"publisher\":{\"@id\":\"https:\\\/\\\/nrjnuts.com\\\/#organization\"},\"alternateName\":\"nrjnuts\",\"potentialAction\":[{\"@type\":\"SearchAction\",\"target\":{\"@type\":\"EntryPoint\",\"urlTemplate\":\"https:\\\/\\\/nrjnuts.com\\\/?s={search_term_string}\"},\"query-input\":{\"@type\":\"PropertyValueSpecification\",\"valueRequired\":true,\"valueName\":\"search_term_string\"}}],\"inLanguage\":\"fr-FR\"},{\"@type\":\"Organization\",\"@id\":\"https:\\\/\\\/nrjnuts.com\\\/#organization\",\"name\":\"NRJ NUTS\",\"alternateName\":\"nrjnuts\",\"url\":\"https:\\\/\\\/nrjnuts.com\\\/\",\"logo\":{\"@type\":\"ImageObject\",\"inLanguage\":\"fr-FR\",\"@id\":\"https:\\\/\\\/nrjnuts.com\\\/#\\\/schema\\\/logo\\\/image\\\/\",\"url\":\"https:\\\/\\\/nrjnuts.com\\\/wp-content\\\/uploads\\\/2022\\\/09\\\/nrjnuts-logo.png\",\"contentUrl\":\"https:\\\/\\\/nrjnuts.com\\\/wp-content\\\/uploads\\\/2022\\\/09\\\/nrjnuts-logo.png\",\"width\":800,\"height\":800,\"caption\":\"NRJ NUTS\"},\"image\":{\"@id\":\"https:\\\/\\\/nrjnuts.com\\\/#\\\/schema\\\/logo\\\/image\\\/\"},\"sameAs\":[\"https:\\\/\\\/de-de.facebook.com\\\/NRJNuts\\\/\",\"https:\\\/\\\/www.instagram.com\\\/nrj_nuts\\\/\"]}]}<\/script>\n<!-- \/ Yoast SEO plugin. -->","yoast_head_json":{"title":"Qui sommes-nous - NRJ NUTS","robots":{"index":"index","follow":"follow","max-snippet":"max-snippet:-1","max-image-preview":"max-image-preview:large","max-video-preview":"max-video-preview:-1"},"canonical":"https:\/\/nrjnuts.com\/fr\/qui-sommes-nous\/","og_locale":"fr_FR","og_type":"article","og_title":"Qui sommes-nous - NRJ NUTS","og_url":"https:\/\/nrjnuts.com\/fr\/qui-sommes-nous\/","og_site_name":"NRJ NUTS","article_publisher":"https:\/\/de-de.facebook.com\/NRJNuts\/","article_modified_time":"2022-11-21T01:28:58+00:00","twitter_card":"summary_large_image","schema":{"@context":"https:\/\/schema.org","@graph":[{"@type":"WebPage","@id":"https:\/\/nrjnuts.com\/fr\/qui-sommes-nous\/","url":"https:\/\/nrjnuts.com\/fr\/qui-sommes-nous\/","name":"Qui sommes-nous - NRJ NUTS","isPartOf":{"@id":"https:\/\/nrjnuts.com\/#website"},"datePublished":"2015-10-21T07:31:45+00:00","dateModified":"2022-11-21T01:28:58+00:00","breadcrumb":{"@id":"https:\/\/nrjnuts.com\/fr\/qui-sommes-nous\/#breadcrumb"},"inLanguage":"fr-FR","potentialAction":[{"@type":"ReadAction","target":["https:\/\/nrjnuts.com\/fr\/qui-sommes-nous\/"]}]},{"@type":"BreadcrumbList","@id":"https:\/\/nrjnuts.com\/fr\/qui-sommes-nous\/#breadcrumb","itemListElement":[{"@type":"ListItem","position":1,"name":"Startseite","item":"https:\/\/nrjnuts.com\/fr\/"},{"@type":"ListItem","position":2,"name":"Qui sommes-nous"}]},{"@type":"WebSite","@id":"https:\/\/nrjnuts.com\/#website","url":"https:\/\/nrjnuts.com\/","name":"NRJ NUTS","description":"Naturbelassene N\u00fcsse, Nussmischungen, Veredelte N\u00fcsse und mehr","publisher":{"@id":"https:\/\/nrjnuts.com\/#organization"},"alternateName":"nrjnuts","potentialAction":[{"@type":"SearchAction","target":{"@type":"EntryPoint","urlTemplate":"https:\/\/nrjnuts.com\/?s={search_term_string}"},"query-input":{"@type":"PropertyValueSpecification","valueRequired":true,"valueName":"search_term_string"}}],"inLanguage":"fr-FR"},{"@type":"Organization","@id":"https:\/\/nrjnuts.com\/#organization","name":"NRJ NUTS","alternateName":"nrjnuts","url":"https:\/\/nrjnuts.com\/","logo":{"@type":"ImageObject","inLanguage":"fr-FR","@id":"https:\/\/nrjnuts.com\/#\/schema\/logo\/image\/","url":"https:\/\/nrjnuts.com\/wp-content\/uploads\/2022\/09\/nrjnuts-logo.png","contentUrl":"https:\/\/nrjnuts.com\/wp-content\/uploads\/2022\/09\/nrjnuts-logo.png","width":800,"height":800,"caption":"NRJ NUTS"},"image":{"@id":"https:\/\/nrjnuts.com\/#\/schema\/logo\/image\/"},"sameAs":["https:\/\/de-de.facebook.com\/NRJNuts\/","https:\/\/www.instagram.com\/nrj_nuts\/"]}]}},"_links":{"self":[{"href":"https:\/\/nrjnuts.com\/fr\/wp-json\/wp\/v2\/pages\/7395","targetHints":{"allow":["GET"]}}],"collection":[{"href":"https:\/\/nrjnuts.com\/fr\/wp-json\/wp\/v2\/pages"}],"about":[{"href":"https:\/\/nrjnuts.com\/fr\/wp-json\/wp\/v2\/types\/page"}],"author":[{"embeddable":true,"href":"https:\/\/nrjnuts.com\/fr\/wp-json\/wp\/v2\/users\/1"}],"replies":[{"embeddable":true,"href":"https:\/\/nrjnuts.com\/fr\/wp-json\/wp\/v2\/comments?post=7395"}],"version-history":[{"count":2,"href":"https:\/\/nrjnuts.com\/fr\/wp-json\/wp\/v2\/pages\/7395\/revisions"}],"predecessor-version":[{"id":7414,"href":"https:\/\/nrjnuts.com\/fr\/wp-json\/wp\/v2\/pages\/7395\/revisions\/7414"}],"wp:attachment":[{"href":"https:\/\/nrjnuts.com\/fr\/wp-json\/wp\/v2\/media?parent=7395"}],"curies":[{"name":"wp","href":"https:\/\/api.w.org\/{rel}","templated":true}]}}